{"id":221,"date":"2022-10-11T10:58:05","date_gmt":"2022-10-11T13:58:05","guid":{"rendered":"https:\/\/cp.kwm.eco.br\/?page_id=221"},"modified":"2022-10-11T11:07:42","modified_gmt":"2022-10-11T14:07:42","slug":"formularios","status":"publish","type":"page","link":"https:\/\/cp.kwm.eco.br\/?page_id=221","title":{"rendered":"Formul\u00e1rios"},"content":{"rendered":"<div class=\"members-access-error\">Desculpe, mas voc\u00ea n\u00e3o tem permiss\u00e3o para visualizar este conte\u00fado<\/div>\n","protected":false},"excerpt":{"rendered":"<div class=\"members-access-error\">Desculpe, mas voc\u00ea n\u00e3o tem permiss\u00e3o para visualizar este conte\u00fado<\/div>\n","protected":false},"author":2,"featured_media":0,"parent":0,"menu_order":0,"comment_status":"closed","ping_status":"closed","template":"template-page-builder-no-sidebar.php","meta":{"footnotes":""},"class_list":["post-221","page","type-page","status-publish","hentry"],"_links":{"self":[{"href":"https:\/\/cp.kwm.eco.br\/index.php?rest_route=\/wp\/v2\/pages\/221","targetHints":{"allow":["GET"]}}],"collection":[{"href":"https:\/\/cp.kwm.eco.br\/index.php?rest_route=\/wp\/v2\/pages"}],"about":[{"href":"https:\/\/cp.kwm.eco.br\/index.php?rest_route=\/wp\/v2\/types\/page"}],"author":[{"embeddable":true,"href":"https:\/\/cp.kwm.eco.br\/index.php?rest_route=\/wp\/v2\/users\/2"}],"replies":[{"embeddable":true,"href":"https:\/\/cp.kwm.eco.br\/index.php?rest_route=%2Fwp%2Fv2%2Fcomments&post=221"}],"version-history":[{"count":2,"href":"https:\/\/cp.kwm.eco.br\/index.php?rest_route=\/wp\/v2\/pages\/221\/revisions"}],"predecessor-version":[{"id":224,"href":"https:\/\/cp.kwm.eco.br\/index.php?rest_route=\/wp\/v2\/pages\/221\/revisions\/224"}],"wp:attachment":[{"href":"https:\/\/cp.kwm.eco.br\/index.php?rest_route=%2Fwp%2Fv2%2Fmedia&parent=221"}],"curies":[{"name":"wp","href":"https:\/\/api.w.org\/{rel}","templated":true}]}}