{"id":46,"date":"2022-09-28T08:12:09","date_gmt":"2022-09-28T11:12:09","guid":{"rendered":"https:\/\/cp.kwm.eco.br\/?page_id=46"},"modified":"2023-06-05T11:21:32","modified_gmt":"2023-06-05T14:21:32","slug":"indices","status":"publish","type":"page","link":"https:\/\/cp.kwm.eco.br\/?page_id=46","title":{"rendered":"\u00cdndices"},"content":{"rendered":"<div class=\"members-access-error\">Desculpe, mas voc\u00ea n\u00e3o tem permiss\u00e3o para visualizar este conte\u00fado<\/div>\n","protected":false},"excerpt":{"rendered":"<div class=\"members-access-error\">Desculpe, mas voc\u00ea n\u00e3o tem permiss\u00e3o para visualizar este conte\u00fado<\/div>\n","protected":false},"author":1,"featured_media":0,"parent":0,"menu_order":0,"comment_status":"closed","ping_status":"closed","template":"template-page-builder-no-sidebar.php","meta":{"footnotes":""},"class_list":["post-46","page","type-page","status-publish","hentry"],"_links":{"self":[{"href":"https:\/\/cp.kwm.eco.br\/index.php?rest_route=\/wp\/v2\/pages\/46","targetHints":{"allow":["GET"]}}],"collection":[{"href":"https:\/\/cp.kwm.eco.br\/index.php?rest_route=\/wp\/v2\/pages"}],"about":[{"href":"https:\/\/cp.kwm.eco.br\/index.php?rest_route=\/wp\/v2\/types\/page"}],"author":[{"embeddable":true,"href":"https:\/\/cp.kwm.eco.br\/index.php?rest_route=\/wp\/v2\/users\/1"}],"replies":[{"embeddable":true,"href":"https:\/\/cp.kwm.eco.br\/index.php?rest_route=%2Fwp%2Fv2%2Fcomments&post=46"}],"version-history":[{"count":7,"href":"https:\/\/cp.kwm.eco.br\/index.php?rest_route=\/wp\/v2\/pages\/46\/revisions"}],"predecessor-version":[{"id":4147,"href":"https:\/\/cp.kwm.eco.br\/index.php?rest_route=\/wp\/v2\/pages\/46\/revisions\/4147"}],"wp:attachment":[{"href":"https:\/\/cp.kwm.eco.br\/index.php?rest_route=%2Fwp%2Fv2%2Fmedia&parent=46"}],"curies":[{"name":"wp","href":"https:\/\/api.w.org\/{rel}","templated":true}]}}